{"id":20931,"date":"2020-03-23T14:30:09","date_gmt":"2020-03-23T14:30:09","guid":{"rendered":"https:\/\/hosting1953278.online.pro\/kpzszach\/?page_id=20931"},"modified":"2020-03-23T14:30:09","modified_gmt":"2020-03-23T14:30:09","slug":"relacje-2020","status":"publish","type":"page","link":"http:\/\/hosting1953278.online.pro\/kpzszach\/relacje-2020\/","title":{"rendered":"Relacje 2020"},"content":{"rendered":"<p>[vc_row css_animation=&#8221;&#8221; row_type=&#8221;row&#8221; use_row_as_full_screen_section=&#8221;no&#8221; type=&#8221;full_width&#8221; angled_section=&#8221;no&#8221; text_align=&#8221;left&#8221; background_image_as_pattern=&#8221;without_pattern&#8221;][vc_column][vc_separator type=&#8221;transparent&#8221; up=&#8221;20&#8243; down=&#8221;20&#8243;]<div class='projects_holder_outer v6 portfolio_with_space portfolio_standard'>\n        <div class='projects_holder portfolio_main_holder clearfix v6 standard portfolio_full_image '>\n        \n        <article class='mix portfolio_category_292 default' style=''>\n    \n    \n    \n                <div class='image_holder'>\n                <a itemprop='url' class='portfolio_link_for_touch' href='http:\/\/hosting1953278.online.pro\/kpzszach\/relacje\/indywidualne-mistrzostwa-polski-kobiet-w-szachach-szybkich-13-12-2020r\/' target=''>\n                    \n<span class='image'><img fetchpriority=\"high\" decoding=\"async\" width=\"713\" height=\"475\" src=\"http:\/\/hosting1953278.online.pro\/kpzszach\/wp-content\/uploads\/2020\/12\/SPW_1433.jpg\" class=\"attachment-full size-full wp-post-image\" alt=\"\" srcset=\"http:\/\/hosting1953278.online.pro\/kpzszach\/wp-content\/uploads\/2020\/12\/SPW_1433.jpg 713w, http:\/\/hosting1953278.online.pro\/kpzszach\/wp-content\/uploads\/2020\/12\/SPW_1433-300x200.jpg 300w, http:\/\/hosting1953278.online.pro\/kpzszach\/wp-content\/uploads\/2020\/12\/SPW_1433-700x466.jpg 700w\" sizes=\"(max-width: 713px) 100vw, 713px\" \/><\/span>                <\/a>\n\n                <span class='text_holder'>\n    <span class='text_outer'>\n        <span class='text_inner'>\n            <span class='feature_holder'>\n                            <span class=\"feature_holder_icons\">';\n                    \n                            <a itemprop='url' class='preview qbutton small white' href='http:\/\/hosting1953278.online.pro\/kpzszach\/relacje\/indywidualne-mistrzostwa-polski-kobiet-w-szachach-szybkich-13-12-2020r\/' target='_self'>view<\/i><\/a>\n    \n                                            <\/span>\n        <\/span>\n    <\/span>\n<\/span>            <\/div>\n                <div class='portfolio_description ' style=border-style:solid;'>\n\n        \n    <h5 itemprop=\"name\" class=\"portfolio_title entry_title\"><a itemprop=\"url\" href=\"http:\/\/hosting1953278.online.pro\/kpzszach\/relacje\/indywidualne-mistrzostwa-polski-kobiet-w-szachach-szybkich-13-12-2020r\/\"  target=\"_self\"> Indywidualne Mistrzostwa Polski Kobiet w Szachach Szybkich, 13.12.2020r.<\/a><\/h5>\n\n\n        \n            <span class=\"project_category\"  >\n    turnieje szachowe 2020    <\/span>\n\n    <\/div>\n        \n<\/article>\n<article class='mix portfolio_category_292 default' style=''>\n    \n    \n    \n                <div class='image_holder'>\n                <a itemprop='url' class='portfolio_link_for_touch' href='http:\/\/hosting1953278.online.pro\/kpzszach\/relacje\/mikolajkowy-turniej-szachow-szybkich-nakielski-osrodek-kultury-05-12-2020r\/' target=''>\n                    \n<span class='image'><img decoding=\"async\" width=\"713\" height=\"475\" src=\"http:\/\/hosting1953278.online.pro\/kpzszach\/wp-content\/uploads\/2021\/07\/mikolajkowy.jpg\" class=\"attachment-full size-full wp-post-image\" alt=\"\" srcset=\"http:\/\/hosting1953278.online.pro\/kpzszach\/wp-content\/uploads\/2021\/07\/mikolajkowy.jpg 713w, http:\/\/hosting1953278.online.pro\/kpzszach\/wp-content\/uploads\/2021\/07\/mikolajkowy-300x200.jpg 300w, http:\/\/hosting1953278.online.pro\/kpzszach\/wp-content\/uploads\/2021\/07\/mikolajkowy-700x466.jpg 700w\" sizes=\"(max-width: 713px) 100vw, 713px\" \/><\/span>                <\/a>\n\n                <span class='text_holder'>\n    <span class='text_outer'>\n        <span class='text_inner'>\n            <span class='feature_holder'>\n                            <span class=\"feature_holder_icons\">';\n                    \n                            <a itemprop='url' class='preview qbutton small white' href='http:\/\/hosting1953278.online.pro\/kpzszach\/relacje\/mikolajkowy-turniej-szachow-szybkich-nakielski-osrodek-kultury-05-12-2020r\/' target='_self'>view<\/i><\/a>\n    \n                                            <\/span>\n        <\/span>\n    <\/span>\n<\/span>            <\/div>\n                <div class='portfolio_description ' style=border-style:solid;'>\n\n        \n    <h5 itemprop=\"name\" class=\"portfolio_title entry_title\"><a itemprop=\"url\" href=\"http:\/\/hosting1953278.online.pro\/kpzszach\/relacje\/mikolajkowy-turniej-szachow-szybkich-nakielski-osrodek-kultury-05-12-2020r\/\"  target=\"_self\"> Miko\u0142ajkowy Turniej Szach\u00f3w Szybkich \u2013 Nakielski O\u015brodek Kultury, 05.12.2020r.<\/a><\/h5>\n\n\n        \n            <span class=\"project_category\"  >\n    turnieje szachowe 2020    <\/span>\n\n    <\/div>\n        \n<\/article>\n<article class='mix portfolio_category_292 default' style=''>\n    \n    \n    \n                <div class='image_holder'>\n                <a itemprop='url' class='portfolio_link_for_touch' href='http:\/\/hosting1953278.online.pro\/kpzszach\/relacje\/ogolnopolska-olimpiada-mlodziezy-w-pulawach-04-10-11-10-2020\/' target=''>\n                    \n<span class='image'><img decoding=\"async\" width=\"713\" height=\"475\" src=\"http:\/\/hosting1953278.online.pro\/kpzszach\/wp-content\/uploads\/2020\/10\/IMG_20201006_085422_310.jpg\" class=\"attachment-full size-full wp-post-image\" alt=\"\" srcset=\"http:\/\/hosting1953278.online.pro\/kpzszach\/wp-content\/uploads\/2020\/10\/IMG_20201006_085422_310.jpg 713w, http:\/\/hosting1953278.online.pro\/kpzszach\/wp-content\/uploads\/2020\/10\/IMG_20201006_085422_310-300x200.jpg 300w, http:\/\/hosting1953278.online.pro\/kpzszach\/wp-content\/uploads\/2020\/10\/IMG_20201006_085422_310-700x466.jpg 700w\" sizes=\"(max-width: 713px) 100vw, 713px\" \/><\/span>                <\/a>\n\n                <span class='text_holder'>\n    <span class='text_outer'>\n        <span class='text_inner'>\n            <span class='feature_holder'>\n                            <span class=\"feature_holder_icons\">';\n                    \n                            <a itemprop='url' class='preview qbutton small white' href='http:\/\/hosting1953278.online.pro\/kpzszach\/relacje\/ogolnopolska-olimpiada-mlodziezy-w-pulawach-04-10-11-10-2020\/' target='_self'>view<\/i><\/a>\n    \n                                            <\/span>\n        <\/span>\n    <\/span>\n<\/span>            <\/div>\n                <div class='portfolio_description ' style=border-style:solid;'>\n\n        \n    <h5 itemprop=\"name\" class=\"portfolio_title entry_title\"><a itemprop=\"url\" href=\"http:\/\/hosting1953278.online.pro\/kpzszach\/relacje\/ogolnopolska-olimpiada-mlodziezy-w-pulawach-04-10-11-10-2020\/\"  target=\"_self\"> Og\u00f3lnopolska Olimpiada M\u0142odzie\u017cy w Pu\u0142awach 04.10-11.10.2020<\/a><\/h5>\n\n\n        \n            <span class=\"project_category\"  >\n    turnieje szachowe 2020    <\/span>\n\n    <\/div>\n        \n<\/article>\n<article class='mix portfolio_category_292 default' style=''>\n    \n    \n    \n                <div class='image_holder'>\n                <a itemprop='url' class='portfolio_link_for_touch' href='http:\/\/hosting1953278.online.pro\/kpzszach\/relacje\/v-ogolnopolski-turniej-szachow-szybkich-wielgie-2020-10-10-2020\/' target=''>\n                    \n<span class='image'><img loading=\"lazy\" decoding=\"async\" width=\"713\" height=\"475\" src=\"http:\/\/hosting1953278.online.pro\/kpzszach\/wp-content\/uploads\/2020\/10\/04.jpg\" class=\"attachment-full size-full wp-post-image\" alt=\"\" srcset=\"http:\/\/hosting1953278.online.pro\/kpzszach\/wp-content\/uploads\/2020\/10\/04.jpg 713w, http:\/\/hosting1953278.online.pro\/kpzszach\/wp-content\/uploads\/2020\/10\/04-300x200.jpg 300w, http:\/\/hosting1953278.online.pro\/kpzszach\/wp-content\/uploads\/2020\/10\/04-700x466.jpg 700w\" sizes=\"(max-width: 713px) 100vw, 713px\" \/><\/span>                <\/a>\n\n                <span class='text_holder'>\n    <span class='text_outer'>\n        <span class='text_inner'>\n            <span class='feature_holder'>\n                            <span class=\"feature_holder_icons\">';\n                    \n                            <a itemprop='url' class='preview qbutton small white' href='http:\/\/hosting1953278.online.pro\/kpzszach\/relacje\/v-ogolnopolski-turniej-szachow-szybkich-wielgie-2020-10-10-2020\/' target='_self'>view<\/i><\/a>\n    \n                                            <\/span>\n        <\/span>\n    <\/span>\n<\/span>            <\/div>\n                <div class='portfolio_description ' style=border-style:solid;'>\n\n        \n    <h5 itemprop=\"name\" class=\"portfolio_title entry_title\"><a itemprop=\"url\" href=\"http:\/\/hosting1953278.online.pro\/kpzszach\/relacje\/v-ogolnopolski-turniej-szachow-szybkich-wielgie-2020-10-10-2020\/\"  target=\"_self\"> V Og\u00f3lnopolski Turniej Szach\u00f3w Szybkich, Wielgie 2020, 10.10.2020<\/a><\/h5>\n\n\n        \n            <span class=\"project_category\"  >\n    turnieje szachowe 2020    <\/span>\n\n    <\/div>\n        \n<\/article>\n<article class='mix portfolio_category_292 default' style=''>\n    \n    \n    \n                <div class='image_holder'>\n                <a itemprop='url' class='portfolio_link_for_touch' href='http:\/\/hosting1953278.online.pro\/kpzszach\/relacje\/ii-nakielski-festiwal-szachowy-05-06-09-2020\/' target=''>\n                    \n<span class='image'><img loading=\"lazy\" decoding=\"async\" width=\"960\" height=\"640\" src=\"http:\/\/hosting1953278.online.pro\/kpzszach\/wp-content\/uploads\/2020\/09\/naklo.jpg\" class=\"attachment-full size-full wp-post-image\" alt=\"\" srcset=\"http:\/\/hosting1953278.online.pro\/kpzszach\/wp-content\/uploads\/2020\/09\/naklo.jpg 960w, http:\/\/hosting1953278.online.pro\/kpzszach\/wp-content\/uploads\/2020\/09\/naklo-300x200.jpg 300w, http:\/\/hosting1953278.online.pro\/kpzszach\/wp-content\/uploads\/2020\/09\/naklo-768x512.jpg 768w, http:\/\/hosting1953278.online.pro\/kpzszach\/wp-content\/uploads\/2020\/09\/naklo-700x467.jpg 700w\" sizes=\"(max-width: 960px) 100vw, 960px\" \/><\/span>                <\/a>\n\n                <span class='text_holder'>\n    <span class='text_outer'>\n        <span class='text_inner'>\n            <span class='feature_holder'>\n                            <span class=\"feature_holder_icons\">';\n                    \n                            <a itemprop='url' class='preview qbutton small white' href='http:\/\/hosting1953278.online.pro\/kpzszach\/relacje\/ii-nakielski-festiwal-szachowy-05-06-09-2020\/' target='_self'>view<\/i><\/a>\n    \n                                            <\/span>\n        <\/span>\n    <\/span>\n<\/span>            <\/div>\n                <div class='portfolio_description ' style=border-style:solid;'>\n\n        \n    <h5 itemprop=\"name\" class=\"portfolio_title entry_title\"><a itemprop=\"url\" href=\"http:\/\/hosting1953278.online.pro\/kpzszach\/relacje\/ii-nakielski-festiwal-szachowy-05-06-09-2020\/\"  target=\"_self\"> II Nakielski Festiwal Szachowy 05-06.09.2020<\/a><\/h5>\n\n\n        \n            <span class=\"project_category\"  >\n    turnieje szachowe 2020    <\/span>\n\n    <\/div>\n        \n<\/article>\n<article class='mix portfolio_category_292 default' style=''>\n    \n    \n    \n                <div class='image_holder'>\n                <a itemprop='url' class='portfolio_link_for_touch' href='http:\/\/hosting1953278.online.pro\/kpzszach\/relacje\/xxiii-otwarte-mistrzostwa-gminy-murowana-goslina-08-03-2020\/' target=''>\n                    \n<span class='image'><img loading=\"lazy\" decoding=\"async\" width=\"1280\" height=\"851\" src=\"http:\/\/hosting1953278.online.pro\/kpzszach\/wp-content\/uploads\/2020\/03\/murowana.jpg\" class=\"attachment-full size-full wp-post-image\" alt=\"\" srcset=\"http:\/\/hosting1953278.online.pro\/kpzszach\/wp-content\/uploads\/2020\/03\/murowana.jpg 1280w, http:\/\/hosting1953278.online.pro\/kpzszach\/wp-content\/uploads\/2020\/03\/murowana-300x199.jpg 300w, http:\/\/hosting1953278.online.pro\/kpzszach\/wp-content\/uploads\/2020\/03\/murowana-768x511.jpg 768w, http:\/\/hosting1953278.online.pro\/kpzszach\/wp-content\/uploads\/2020\/03\/murowana-1024x681.jpg 1024w, http:\/\/hosting1953278.online.pro\/kpzszach\/wp-content\/uploads\/2020\/03\/murowana-700x465.jpg 700w\" sizes=\"(max-width: 1280px) 100vw, 1280px\" \/><\/span>                <\/a>\n\n                <span class='text_holder'>\n    <span class='text_outer'>\n        <span class='text_inner'>\n            <span class='feature_holder'>\n                            <span class=\"feature_holder_icons\">';\n                    \n                            <a itemprop='url' class='preview qbutton small white' href='http:\/\/hosting1953278.online.pro\/kpzszach\/relacje\/xxiii-otwarte-mistrzostwa-gminy-murowana-goslina-08-03-2020\/' target='_self'>view<\/i><\/a>\n    \n                                            <\/span>\n        <\/span>\n    <\/span>\n<\/span>            <\/div>\n                <div class='portfolio_description ' style=border-style:solid;'>\n\n        \n    <h5 itemprop=\"name\" class=\"portfolio_title entry_title\"><a itemprop=\"url\" href=\"http:\/\/hosting1953278.online.pro\/kpzszach\/relacje\/xxiii-otwarte-mistrzostwa-gminy-murowana-goslina-08-03-2020\/\"  target=\"_self\"> XXIII Otwarte Mistrzostwa Gminy Murowana Go\u015blina 08.03.2020<\/a><\/h5>\n\n\n        \n            <span class=\"project_category\"  >\n    turnieje szachowe 2020    <\/span>\n\n    <\/div>\n        \n<\/article>\n<article class='mix portfolio_category_292 default' style=''>\n    \n    \n    \n                <div class='image_holder'>\n                <a itemprop='url' class='portfolio_link_for_touch' href='http:\/\/hosting1953278.online.pro\/kpzszach\/relacje\/i-miedzynarodowy-bydgoski-festiwal-szachowy-edukacja-przez-szachy-27-31-01-2020\/' target=''>\n                    \n<span class='image'><img loading=\"lazy\" decoding=\"async\" width=\"713\" height=\"475\" src=\"http:\/\/hosting1953278.online.pro\/kpzszach\/wp-content\/uploads\/2020\/02\/DSC00566.jpg\" class=\"attachment-full size-full wp-post-image\" alt=\"\" srcset=\"http:\/\/hosting1953278.online.pro\/kpzszach\/wp-content\/uploads\/2020\/02\/DSC00566.jpg 713w, http:\/\/hosting1953278.online.pro\/kpzszach\/wp-content\/uploads\/2020\/02\/DSC00566-300x200.jpg 300w, http:\/\/hosting1953278.online.pro\/kpzszach\/wp-content\/uploads\/2020\/02\/DSC00566-700x466.jpg 700w\" sizes=\"(max-width: 713px) 100vw, 713px\" \/><\/span>                <\/a>\n\n                <span class='text_holder'>\n    <span class='text_outer'>\n        <span class='text_inner'>\n            <span class='feature_holder'>\n                            <span class=\"feature_holder_icons\">';\n                    \n                            <a itemprop='url' class='preview qbutton small white' href='http:\/\/hosting1953278.online.pro\/kpzszach\/relacje\/i-miedzynarodowy-bydgoski-festiwal-szachowy-edukacja-przez-szachy-27-31-01-2020\/' target='_self'>view<\/i><\/a>\n    \n                                            <\/span>\n        <\/span>\n    <\/span>\n<\/span>            <\/div>\n                <div class='portfolio_description ' style=border-style:solid;'>\n\n        \n    <h5 itemprop=\"name\" class=\"portfolio_title entry_title\"><a itemprop=\"url\" href=\"http:\/\/hosting1953278.online.pro\/kpzszach\/relacje\/i-miedzynarodowy-bydgoski-festiwal-szachowy-edukacja-przez-szachy-27-31-01-2020\/\"  target=\"_self\"> I Mi\u0119dzynarodowy Bydgoski Festiwal Szachowy &#8222;Edukacja przez szachy&#8221;, 27-31.01.2020<\/a><\/h5>\n\n\n        \n            <span class=\"project_category\"  >\n    turnieje szachowe 2020    <\/span>\n\n    <\/div>\n        \n<\/article>\n        <div class='filler'><\/div>\n            <div class='filler'><\/div>\n            <div class='filler'><\/div>\n            <div class='filler'><\/div>\n            <div class='filler'><\/div>\n            <div class='filler'><\/div>\n        <\/div>\n\n    \n    <\/div>[vc_separator type=&#8221;transparent&#8221; up=&#8221;20&#8243; down=&#8221;20&#8243;][\/vc_column][\/vc_row]<\/p>\n","protected":false},"excerpt":{"rendered":"<p>[vc_row css_animation=&#8221;&#8221; row_type=&#8221;row&#8221; use_row_as_full_screen_section=&#8221;no&#8221; type=&#8221;full_width&#8221; angled_section=&#8221;no&#8221; text_align=&#8221;left&#8221; background_image_as_pattern=&#8221;without_pattern&#8221;][vc_column][vc_separator type=&#8221;transparent&#8221; up=&#8221;20&#8243; down=&#8221;20&#8243;][vc_separator type=&#8221;transparent&#8221; up=&#8221;20&#8243; down=&#8221;20&#8243;][\/vc_column][\/vc_row]<\/p>\n","protected":false},"author":3,"featured_media":0,"parent":0,"menu_order":0,"comment_status":"open","ping_status":"open","template":"full_width.php","meta":{"_monsterinsights_skip_tracking":false,"_monsterinsights_sitenote_active":false,"_monsterinsights_sitenote_note":"","_monsterinsights_sitenote_category":0,"footnotes":""},"class_list":["post-20931","page","type-page","status-publish","hentry"],"_links":{"self":[{"href":"http:\/\/hosting1953278.online.pro\/kpzszach\/wp-json\/wp\/v2\/pages\/20931","targetHints":{"allow":["GET"]}}],"collection":[{"href":"http:\/\/hosting1953278.online.pro\/kpzszach\/wp-json\/wp\/v2\/pages"}],"about":[{"href":"http:\/\/hosting1953278.online.pro\/kpzszach\/wp-json\/wp\/v2\/types\/page"}],"author":[{"embeddable":true,"href":"http:\/\/hosting1953278.online.pro\/kpzszach\/wp-json\/wp\/v2\/users\/3"}],"replies":[{"embeddable":true,"href":"http:\/\/hosting1953278.online.pro\/kpzszach\/wp-json\/wp\/v2\/comments?post=20931"}],"version-history":[{"count":1,"href":"http:\/\/hosting1953278.online.pro\/kpzszach\/wp-json\/wp\/v2\/pages\/20931\/revisions"}],"predecessor-version":[{"id":20932,"href":"http:\/\/hosting1953278.online.pro\/kpzszach\/wp-json\/wp\/v2\/pages\/20931\/revisions\/20932"}],"wp:attachment":[{"href":"http:\/\/hosting1953278.online.pro\/kpzszach\/wp-json\/wp\/v2\/media?parent=20931"}],"curies":[{"name":"wp","href":"https:\/\/api.w.org\/{rel}","templated":true}]}}