{"id":21742,"date":"2022-01-09T11:31:06","date_gmt":"2022-01-09T11:31:06","guid":{"rendered":"https:\/\/hosting1953278.online.pro\/kpzszach\/?page_id=21742"},"modified":"2022-01-09T11:55:30","modified_gmt":"2022-01-09T11:55:30","slug":"porozumienia-o-wspolpracy","status":"publish","type":"page","link":"http:\/\/hosting1953278.online.pro\/kpzszach\/porozumienia-o-wspolpracy\/","title":{"rendered":"Porozumienia o wsp\u00f3\u0142pracy"},"content":{"rendered":"<p>[vc_row css_animation=&#8221;&#8221; row_type=&#8221;row&#8221; use_row_as_full_screen_section=&#8221;no&#8221; type=&#8221;full_width&#8221; angled_section=&#8221;no&#8221; text_align=&#8221;left&#8221; background_image_as_pattern=&#8221;without_pattern&#8221;][vc_column][vc_column_text]<\/p>\n<p style=\"text-align: center;\"><strong>Podpisanie \u201cPorozumienia o Wsp\u00f3\u0142pracy\u201d, pomi\u0119dzy Politechnik\u0105 Bydgosk\u0105 im. Jana i J\u0119drzeja \u015aniadeckich, a Kujawsko-Pomorskim Zwi\u0105zkiem Szachowym &#8211; 06.12.2021 r.<\/strong><\/p>\n<p>[\/vc_column_text][\/vc_column][\/vc_row][vc_row css_animation=&#8221;&#8221; row_type=&#8221;row&#8221; use_row_as_full_screen_section=&#8221;no&#8221; type=&#8221;full_width&#8221; angled_section=&#8221;no&#8221; text_align=&#8221;left&#8221; background_image_as_pattern=&#8221;without_pattern&#8221;][vc_column][vc_empty_space][\/vc_column][\/vc_row][vc_row css_animation=&#8221;&#8221; row_type=&#8221;row&#8221; use_row_as_full_screen_section=&#8221;no&#8221; type=&#8221;full_width&#8221; angled_section=&#8221;no&#8221; text_align=&#8221;left&#8221; background_image_as_pattern=&#8221;without_pattern&#8221;][vc_column][vc_column_text]W dniu <strong>06 grudnia 2021<\/strong> roku, dosz\u0142o do podpisania <strong>\u201cPorozumienia o Wsp\u00f3\u0142pracy\u201d<\/strong>, kt\u00f3rego sygnatariuszami byli: ze strony Politechniki Bydgoskiej im. Jana i J\u0119drzeja \u015aniadeckich &#8211; <strong>Rektor prof. dr hab. in\u017c. Marek Adamski<\/strong>, a ze strony KPZSzach &#8211; <strong>Prezes Zarz\u0105du Jaros\u0142aw Wi\u015bniewski<\/strong> oraz <strong>Skarbnik Jacek G\u00f3rny<\/strong>.<\/p>\n<p>W spotkaniu udzia\u0142 r\u00f3wnie\u017c wzi\u0119li <strong>Kanclerz Politechniki mgr in\u017c. Marian Dahms<\/strong>, <strong>Kierownik Biura Rektora, Rzecznik Prasowy dr hab. in\u017c. Szymon \u0141. R\u00f3\u017ca\u0144ski prof. PB\u015a, Kierownik Studium Wychowania Fizycznego i Sportu mgr Waldemar Zimniak<\/strong>, <strong>Kierownik Dzia\u0142u Promocji Micha\u0142 Grzybowski<\/strong> oraz <strong>Przewodnicz\u0105ca Komisji Rewizyjnej KPZSzach Kamila Urba\u0144ska<\/strong>.<\/p>\n<p>Przedmiotem porozumienia jest ustalenie zasad i warunk\u00f3w wsp\u00f3\u0142pracy pomi\u0119dzy <strong>Politechnik\u0105 Bydgosk\u0105 im. Jana i J\u0119drzeja \u015aniadeckich<\/strong>, a <strong>Kujawsko-Pomorskim Zwi\u0105zkiem Szachowym<\/strong> w celu popularyzacji szach\u00f3w, edukacji szachowej i rozgrywek szachowych. W ramach wsp\u00f3\u0142pracy strony zobowi\u0105zuj\u0105 si\u0119 mi\u0119dzy innymi do wspierania inicjatyw szachowych, udost\u0119pnianie zaplecza logistycznego i technicznego, zasob\u00f3w ludzkich i sprz\u0119tu, pod organizacj\u0119<br \/>\nimprez szachowych, promowanie inicjatyw zwi\u0105zanych z edukacj\u0105 szachow\u0105, organizowanie imprez szachowych na terenie Politechniki Bydgoskiej.<\/p>\n<p>Porozumienie ma formu\u0142\u0119 otwart\u0105, co oznacza mo\u017cliwo\u015b\u0107 rozszerzenia wsp\u00f3\u0142pracy o nowe zakresy dzia\u0142a\u0144, jak i nowe wyzwania, jakie mog\u0105 si\u0119 pojawi\u0107<br \/>\nw trakcie realizacji bie\u017c\u0105cej dzia\u0142alno\u015bci na rzecz promocji i rozwoju szach\u00f3w, zar\u00f3wno na Uczelni, jak i w Regionie.[\/vc_column_text][\/vc_column][\/vc_row][vc_row css_animation=&#8221;&#8221; row_type=&#8221;row&#8221; use_row_as_full_screen_section=&#8221;no&#8221; type=&#8221;full_width&#8221; angled_section=&#8221;no&#8221; text_align=&#8221;left&#8221; background_image_as_pattern=&#8221;without_pattern&#8221;][vc_column][vc_empty_space][\/vc_column][\/vc_row][vc_row css_animation=&#8221;&#8221; row_type=&#8221;row&#8221; use_row_as_full_screen_section=&#8221;no&#8221; type=&#8221;full_width&#8221; angled_section=&#8221;no&#8221; text_align=&#8221;left&#8221; background_image_as_pattern=&#8221;without_pattern&#8221;][vc_column][vc_gallery interval=&#8221;5&#8243; images=&#8221;21743,21744,21745,21746,21747,21748&#8243; img_size=&#8221;full&#8221;][\/vc_column][\/vc_row][vc_row css_animation=&#8221;&#8221; row_type=&#8221;row&#8221; use_row_as_full_screen_section=&#8221;no&#8221; type=&#8221;full_width&#8221; angled_section=&#8221;no&#8221; text_align=&#8221;left&#8221; background_image_as_pattern=&#8221;without_pattern&#8221;][vc_column][vc_empty_space][\/vc_column][\/vc_row][vc_row css_animation=&#8221;&#8221; row_type=&#8221;row&#8221; use_row_as_full_screen_section=&#8221;no&#8221; type=&#8221;full_width&#8221; angled_section=&#8221;no&#8221; text_align=&#8221;left&#8221; background_image_as_pattern=&#8221;without_pattern&#8221;][vc_column][vc_column_text]<\/p>\n<p style=\"text-align: center;\"><strong>Podpisanie Deklaracji o wsp\u00f3lnych Dzia\u0142aniach na rzecz rozwoju szach\u00f3w w Bydgoszczy &#8211; Filharmonia Pomorska, 27 listopada 2021 roku.<\/strong><\/p>\n<p>[\/vc_column_text][\/vc_column][\/vc_row][vc_row css_animation=&#8221;&#8221; row_type=&#8221;row&#8221; use_row_as_full_screen_section=&#8221;no&#8221; type=&#8221;full_width&#8221; angled_section=&#8221;no&#8221; text_align=&#8221;left&#8221; background_image_as_pattern=&#8221;without_pattern&#8221;][vc_column][vc_empty_space][\/vc_column][\/vc_row][vc_row css_animation=&#8221;&#8221; row_type=&#8221;row&#8221; use_row_as_full_screen_section=&#8221;no&#8221; type=&#8221;full_width&#8221; angled_section=&#8221;no&#8221; text_align=&#8221;left&#8221; background_image_as_pattern=&#8221;without_pattern&#8221;][vc_column][vc_column_text]W dniu 27 listopada 2021 roku, na terenie Filharmonii Pomorskiej w Bydgoszczy, dosz\u0142o do podpisania \u201cDeklaracji o wsp\u00f3lnych dzia\u0142aniach na rzecz rozwoju szach\u00f3w w Bydgoszczy\u201d. Wydarzenie to, mia\u0142o miejsce tu\u017c przed rozpocz\u0119ciem Superpucharu Polski w Szachach, pomi\u0119dzy GM Janem-Krzysztofem Dud\u0105, a GM Rados\u0142awem Wojtaszkiem.<\/p>\n<p>Deklaracja zawiera zobowi\u0105zanie do wsp\u00f3lnego i skoordynowanego podj\u0119cia dzia\u0142a\u0144, przez sygnatariuszy dokumentu, zmierzaj\u0105cych do popularyzacji i promocji szach\u00f3w w Bydgoszczy oraz do stworzenia warunk\u00f3w dla rozwoju tej dyscypliny.<\/p>\n<p>Dzia\u0142ania takie to m. in.: organizacja turniej\u00f3w, zawod\u00f3w szachowych oraz wydarze\u0144 promuj\u0105cych szachy, wspieranie lokalnych klub\u00f3w, stowarzysze\u0144,<br \/>\nszachowych, podejmowanie inicjatyw, kt\u00f3rych celem b\u0119dzie rozw\u00f3j szach\u00f3w w Bydgoszczy.[\/vc_column_text][\/vc_column][\/vc_row][vc_row css_animation=&#8221;&#8221; row_type=&#8221;row&#8221; use_row_as_full_screen_section=&#8221;no&#8221; type=&#8221;full_width&#8221; angled_section=&#8221;no&#8221; text_align=&#8221;left&#8221; background_image_as_pattern=&#8221;without_pattern&#8221;][vc_column][vc_empty_space][\/vc_column][\/vc_row][vc_row css_animation=&#8221;&#8221; row_type=&#8221;row&#8221; use_row_as_full_screen_section=&#8221;no&#8221; type=&#8221;full_width&#8221; angled_section=&#8221;no&#8221; text_align=&#8221;left&#8221; background_image_as_pattern=&#8221;without_pattern&#8221;][vc_column][vc_single_image image=&#8221;21755&#8243; img_size=&#8221;full&#8221; alignment=&#8221;center&#8221; qode_css_animation=&#8221;&#8221;][\/vc_column][\/vc_row][vc_row css_animation=&#8221;&#8221; row_type=&#8221;row&#8221; use_row_as_full_screen_section=&#8221;no&#8221; type=&#8221;full_width&#8221; angled_section=&#8221;no&#8221; text_align=&#8221;left&#8221; background_image_as_pattern=&#8221;without_pattern&#8221;][vc_column][vc_empty_space][\/vc_column][\/vc_row][vc_row css_animation=&#8221;&#8221; row_type=&#8221;row&#8221; use_row_as_full_screen_section=&#8221;no&#8221; type=&#8221;full_width&#8221; angled_section=&#8221;no&#8221; text_align=&#8221;left&#8221; background_image_as_pattern=&#8221;without_pattern&#8221;][vc_column][vc_column_text]<strong>Deklaracj\u0119 o wsp\u00f3\u0142pracy podpisali:<\/strong><\/p>\n<ul>\n<li>Minister w Kancelarii Prezesa Rady Ministr\u00f3w &#8211; \u0141ukasz Schreiber,<\/li>\n<li>Prezydent Miasta Bydgoszczy &#8211; Rafa\u0142 Bruski,<\/li>\n<li>Wicewojewoda Kujawsko-Pomorski &#8211; Rados\u0142aw Kempi\u0144ski,<\/li>\n<li>Rektor Uniwersytetu Kazimierza Wielkiego w Bydgoszczy &#8211; prof. dr hab. Jacek Wo\u017any,<\/li>\n<li>Rektor Politechniki Bydgoskiej im. Jana i J\u0119drzeja \u015aniadeckich &#8211; prof. dr hab. in\u017c. Marek Adamski,<\/li>\n<li>Prorektor ds. artystycznych, studenckich i promocji Akademii Muzycznej im. Feliksa Nowowiejskiego w Bydgoszczy &#8211; prof. dr hab. Janusz Stanecki,<\/li>\n<li>Kujawsko-Pomorski Kurator O\u015bwiaty &#8211; Marek Gralik,<\/li>\n<li>Prezes Zarz\u0105du Kujawsko-Pomorskiego Zwi\u0105zku Szachowego &#8211; Jaros\u0142aw Wi\u015bniewski.<\/li>\n<\/ul>\n<p>[\/vc_column_text][\/vc_column][\/vc_row][vc_row css_animation=&#8221;&#8221; row_type=&#8221;row&#8221; use_row_as_full_screen_section=&#8221;no&#8221; type=&#8221;full_width&#8221; angled_section=&#8221;no&#8221; text_align=&#8221;left&#8221; background_image_as_pattern=&#8221;without_pattern&#8221;][vc_column][vc_empty_space][\/vc_column][\/vc_row][vc_row css_animation=&#8221;&#8221; row_type=&#8221;row&#8221; use_row_as_full_screen_section=&#8221;no&#8221; type=&#8221;full_width&#8221; angled_section=&#8221;no&#8221; text_align=&#8221;left&#8221; background_image_as_pattern=&#8221;without_pattern&#8221;][vc_column][vc_single_image image=&#8221;21754&#8243; img_size=&#8221;full&#8221; alignment=&#8221;center&#8221; qode_css_animation=&#8221;&#8221;][\/vc_column][\/vc_row][vc_row css_animation=&#8221;&#8221; row_type=&#8221;row&#8221; use_row_as_full_screen_section=&#8221;no&#8221; type=&#8221;full_width&#8221; angled_section=&#8221;no&#8221; text_align=&#8221;left&#8221; background_image_as_pattern=&#8221;without_pattern&#8221;][vc_column][vc_empty_space][\/vc_column][\/vc_row]<\/p>\n","protected":false},"excerpt":{"rendered":"<p>[vc_row css_animation=&#8221;&#8221; row_type=&#8221;row&#8221; use_row_as_full_screen_section=&#8221;no&#8221; type=&#8221;full_width&#8221; angled_section=&#8221;no&#8221; text_align=&#8221;left&#8221; background_image_as_pattern=&#8221;without_pattern&#8221;][vc_column][vc_column_text] Podpisanie \u201cPorozumienia o Wsp\u00f3\u0142pracy\u201d, pomi\u0119dzy Politechnik\u0105 Bydgosk\u0105 im. Jana i J\u0119drzeja \u015aniadeckich, a Kujawsko-Pomorskim Zwi\u0105zkiem Szachowym &#8211; 06.12.2021 r. [\/vc_column_text][\/vc_column][\/vc_row][vc_row css_animation=&#8221;&#8221; row_type=&#8221;row&#8221; use_row_as_full_screen_section=&#8221;no&#8221; type=&#8221;full_width&#8221; angled_section=&#8221;no&#8221; text_align=&#8221;left&#8221; background_image_as_pattern=&#8221;without_pattern&#8221;][vc_column][vc_empty_space][\/vc_column][\/vc_row][vc_row css_animation=&#8221;&#8221; row_type=&#8221;row&#8221; use_row_as_full_screen_section=&#8221;no&#8221; type=&#8221;full_width&#8221; angled_section=&#8221;no&#8221; text_align=&#8221;left&#8221; background_image_as_pattern=&#8221;without_pattern&#8221;][vc_column][vc_column_text]W dniu 06 grudnia&#8230;<\/p>\n","protected":false},"author":3,"featured_media":0,"parent":0,"menu_order":0,"comment_status":"closed","ping_status":"closed","template":"","meta":{"_monsterinsights_skip_tracking":false,"_monsterinsights_sitenote_active":false,"_monsterinsights_sitenote_note":"","_monsterinsights_sitenote_category":0,"footnotes":""},"class_list":["post-21742","page","type-page","status-publish","hentry"],"_links":{"self":[{"href":"http:\/\/hosting1953278.online.pro\/kpzszach\/wp-json\/wp\/v2\/pages\/21742","targetHints":{"allow":["GET"]}}],"collection":[{"href":"http:\/\/hosting1953278.online.pro\/kpzszach\/wp-json\/wp\/v2\/pages"}],"about":[{"href":"http:\/\/hosting1953278.online.pro\/kpzszach\/wp-json\/wp\/v2\/types\/page"}],"author":[{"embeddable":true,"href":"http:\/\/hosting1953278.online.pro\/kpzszach\/wp-json\/wp\/v2\/users\/3"}],"replies":[{"embeddable":true,"href":"http:\/\/hosting1953278.online.pro\/kpzszach\/wp-json\/wp\/v2\/comments?post=21742"}],"version-history":[{"count":9,"href":"http:\/\/hosting1953278.online.pro\/kpzszach\/wp-json\/wp\/v2\/pages\/21742\/revisions"}],"predecessor-version":[{"id":21759,"href":"http:\/\/hosting1953278.online.pro\/kpzszach\/wp-json\/wp\/v2\/pages\/21742\/revisions\/21759"}],"wp:attachment":[{"href":"http:\/\/hosting1953278.online.pro\/kpzszach\/wp-json\/wp\/v2\/media?parent=21742"}],"curies":[{"name":"wp","href":"https:\/\/api.w.org\/{rel}","templated":true}]}}